{"id":11,"date":"2016-01-29T10:14:18","date_gmt":"2016-01-29T10:14:18","guid":{"rendered":"https:\/\/the7.io\/beauty-studio\/?page_id=11"},"modified":"2020-02-01T18:26:50","modified_gmt":"2020-02-01T18:26:50","slug":"servicios","status":"publish","type":"page","link":"https:\/\/www.agconfianzayseguros.com\/site\/servicios\/","title":{"rendered":"Nuestros Servicios"},"content":{"rendered":"<p>[vc_row bg_type=\u00bbimage\u00bb parallax_style=\u00bbvcpb-default\u00bb bg_image_new=\u00bbid^1961|url^https:\/\/www.agconfianzayseguros.com\/site\/wp-content\/uploads\/2020\/02\/blog-contador.jpg|caption^null|alt^null|title^blog-contador|description^null\u00bb bg_image_repeat=\u00bbno-repeat\u00bb bg_override=\u00bbex-full\u00bb][vc_column]<div id=\"ultimate-heading-647069f4289836c05\" class=\"uvc-heading ult-adjust-bottom-margin ultimate-heading-647069f4289836c05 uvc-7883 \" data-hspacer=\"no_spacer\"  data-halign=\"left\" style=\"text-align:left\"><div class=\"uvc-heading-spacer no_spacer\" style=\"top\"><\/div><div class=\"uvc-main-heading ult-responsive\"  data-ultimate-target='.uvc-heading.ultimate-heading-647069f4289836c05 h3'  data-responsive-json-new='{\"font-size\":\"desktop:26px;\",\"line-height\":\"desktop:42px;\"}' ><h3 style=\"font-family:&#039;Open Sans Condensed&#039;;font-weight:700;margin-top:30px;margin-bottom:20px;\">SERVICIOS DE ASESOR\u00edA<\/h3><\/div><\/div>[vc_column_text css=\u00bb.vc_custom_1580581551765{border-right-width: 10px !important;padding-top: 10px !important;padding-bottom: 8px !important;padding-left: 10px !important;background-color: rgba(255,255,255,0.86) !important;*background-color: rgb(255,255,255) !important;}\u00bb]Tr\u00e1mites para autorizar su l\u00ednea de afianzamiento. Seguimiento de Endosos y Ajuste de precios de su fianza. Informaci\u00f3n de sus Estados Actualizados de sus l\u00edneas de manera oportuna.<\/p>\n<p><strong>SERVICIOS COMO ASESOR<\/strong><\/p>\n<p><strong>CONTRATACI\u00d3N:<\/strong><\/p>\n<ul>\n<li>20 A\u00f1os de experiencia en la atenci\u00f3n personalizada a clientes<\/li>\n<li>Servicio en oficinas propias.<\/li>\n<li>Asesor\u00eda y tr\u00e1mites de p\u00f3lizas de seguros y fianzas con diversas compa\u00f1\u00edas.<\/li>\n<li>Revisi\u00f3n de Coberturas contratadas y datos personales para usted y sus beneficiarios.<\/li>\n<li>Gesti\u00f3n para entrega oportuna de p\u00f3lizas.<\/li>\n<li>Asesor\u00eda en la elecci\u00f3n de Empresas de Seguros y Fianzas.Cotizaci\u00f3n Oportuna.<\/li>\n<\/ul>\n<p><strong>AVISOS:<\/strong><br \/>\nOportunamente de los Vencimientos y Renovaciones de sus P\u00f3lizas , as\u00ed como modificaciones en la misma, si as\u00ed lo requiere ante las compa\u00f1\u00edas.<\/p>\n<p><strong>ACTUALIZACI\u00d3N:<\/strong><\/p>\n<p>De sumas aseguradas y ofrecimientos de nuevos planes.<\/p>\n<p>&nbsp;<\/p>\n<p><strong>COBRANZAS:<\/strong>Oportuna para la conservaci\u00f3n de sus beneficios.<\/p>\n<p>&nbsp;<\/p>\n<p><strong>SERVICIO PERMANENTE:<\/strong><br \/>\nAclaraci\u00f3n de dudas sobre los beneficios contratados al adquirir la p\u00f3liza.<\/p>\n<p>&nbsp;<\/p>\n<p><strong>SINIESTROS:<\/strong><br \/>\nAsesor\u00eda para el Tr\u00e1mite y Pago Oportuno de Siniestros. (Adicionalmente al Servicio de Ajustes de la Compa\u00f1\u00eda).<\/p>\n<p>&nbsp;<\/p>\n<p><b>VERIFICACI\u00d3N<\/b><strong>:<\/strong><br \/>\nSobre la Calidad del Servicio Recibido por Ajustadores, Proveedores, Funcionarios de Empresas de Seguros.<\/p>\n<p>&nbsp;<\/p>\n<p><strong>SEGUIMIENTOS:<\/strong><br \/>\nA la reparaci\u00f3n de Bienes asegurados y en caso de ser necesarios, asesor\u00edas adicionales para una soluci\u00f3n a tiempo.[\/vc_column_text][\/vc_column][\/vc_row]<\/p>\n","protected":false},"excerpt":{"rendered":"<p>[vc_row bg_type=\u00bbimage\u00bb parallax_style=\u00bbvcpb-default\u00bb bg_image_new=\u00bbid^1961|url^https:\/\/www.agconfianzayseguros.com\/site\/wp-content\/uploads\/2020\/02\/blog-contador.jpg|caption^null|alt^null|title^blog-contador|description^null\u00bb bg_image_repeat=\u00bbno-repeat\u00bb bg_override=\u00bbex-full\u00bb][vc_column][vc_column_text css=\u00bb.vc_custom_1580581551765{border-right-width: 10px !important;padding-top: 10px !important;padding-bottom: 8px !important;padding-left: 10px !important;background-color: rgba(255,255,255,0.86) !important;*background-color: rgb(255,255,255) !important;}\u00bb]Tr\u00e1mites para autorizar su l\u00ednea de afianzamiento. Seguimiento de Endosos y Ajuste de precios de su fianza. Informaci\u00f3n de sus Estados Actualizados de sus l\u00edneas de manera oportuna. SERVICIOS COMO ASESOR CONTRATACI\u00d3N: 20 A\u00f1os de experiencia en&hellip;<\/p>\n","protected":false},"author":1,"featured_media":0,"parent":0,"menu_order":500,"comment_status":"closed","ping_status":"closed","template":"","meta":{"_monsterinsights_skip_tracking":false,"_monsterinsights_sitenote_active":false,"_monsterinsights_sitenote_note":"","_monsterinsights_sitenote_category":0},"folder":[],"yoast_head":"<!-- This site is optimized with the Yoast SEO plugin v20.6 - https:\/\/yoast.com\/wordpress\/plugins\/seo\/ -->\n<title>Nuestros Servicios | AG Confianza y Seguros<\/title>\n<meta name=\"robots\" content=\"index, follow, max-snippet:-1, max-image-preview:large, max-video-preview:-1\" \/>\n<link rel=\"canonical\" href=\"https:\/\/www.agconfianzayseguros.com\/site\/servicios\/\" \/>\n<meta property=\"og:locale\" content=\"es_ES\" \/>\n<meta property=\"og:type\" content=\"article\" \/>\n<meta property=\"og:title\" content=\"Nuestros Servicios | AG Confianza y Seguros\" \/>\n<meta property=\"og:description\" content=\"[vc_row bg_type=\u00bbimage\u00bb parallax_style=\u00bbvcpb-default\u00bb bg_image_new=\u00bbid^1961|url^https:\/\/www.agconfianzayseguros.com\/site\/wp-content\/uploads\/2020\/02\/blog-contador.jpg|caption^null|alt^null|title^blog-contador|description^null\u00bb bg_image_repeat=\u00bbno-repeat\u00bb bg_override=\u00bbex-full\u00bb][vc_column][vc_column_text css=\u00bb.vc_custom_1580581551765{border-right-width: 10px !important;padding-top: 10px !important;padding-bottom: 8px !important;padding-left: 10px !important;background-color: rgba(255,255,255,0.86) !important;*background-color: rgb(255,255,255) !important;}\u00bb]Tr\u00e1mites para autorizar su l\u00ednea de afianzamiento. Seguimiento de Endosos y Ajuste de precios de su fianza. Informaci\u00f3n de sus Estados Actualizados de sus l\u00edneas de manera oportuna. SERVICIOS COMO ASESOR CONTRATACI\u00d3N: 20 A\u00f1os de experiencia en&hellip;\" \/>\n<meta property=\"og:url\" content=\"https:\/\/www.agconfianzayseguros.com\/site\/servicios\/\" \/>\n<meta property=\"og:site_name\" content=\"AG Confianza y Seguros\" \/>\n<meta property=\"article:publisher\" content=\"https:\/\/www.facebook.com\/AGSEGUROSYFIANZAS\" \/>\n<meta property=\"article:modified_time\" content=\"2020-02-01T18:26:50+00:00\" \/>\n<meta property=\"og:image\" content=\"https:\/\/www.agconfianzayseguros.com\/site\/wp-content\/uploads\/2022\/09\/logo-agasociados.png\" \/>\n\t<meta property=\"og:image:width\" content=\"416\" \/>\n\t<meta property=\"og:image:height\" content=\"150\" \/>\n\t<meta property=\"og:image:type\" content=\"image\/png\" \/>\n<meta name=\"twitter:card\" content=\"summary_large_image\" \/>\n<meta name=\"twitter:label1\" content=\"Est. reading time\" \/>\n\t<meta name=\"twitter:data1\" content=\"2 minutos\" \/>\n<script type=\"application\/ld+json\" class=\"yoast-schema-graph\">{\"@context\":\"https:\/\/schema.org\",\"@graph\":[{\"@type\":\"WebPage\",\"@id\":\"https:\/\/www.agconfianzayseguros.com\/site\/servicios\/\",\"url\":\"https:\/\/www.agconfianzayseguros.com\/site\/servicios\/\",\"name\":\"Nuestros Servicios | AG Confianza y Seguros\",\"isPartOf\":{\"@id\":\"https:\/\/www.agconfianzayseguros.com\/site\/#website\"},\"datePublished\":\"2016-01-29T10:14:18+00:00\",\"dateModified\":\"2020-02-01T18:26:50+00:00\",\"breadcrumb\":{\"@id\":\"https:\/\/www.agconfianzayseguros.com\/site\/servicios\/#breadcrumb\"},\"inLanguage\":\"es\",\"potentialAction\":[{\"@type\":\"ReadAction\",\"target\":[\"https:\/\/www.agconfianzayseguros.com\/site\/servicios\/\"]}]},{\"@type\":\"BreadcrumbList\",\"@id\":\"https:\/\/www.agconfianzayseguros.com\/site\/servicios\/#breadcrumb\",\"itemListElement\":[{\"@type\":\"ListItem\",\"position\":1,\"name\":\"Portada\",\"item\":\"https:\/\/www.agconfianzayseguros.com\/site\/\"},{\"@type\":\"ListItem\",\"position\":2,\"name\":\"Nuestros Servicios\"}]},{\"@type\":\"WebSite\",\"@id\":\"https:\/\/www.agconfianzayseguros.com\/site\/#website\",\"url\":\"https:\/\/www.agconfianzayseguros.com\/site\/\",\"name\":\"AG Confianza y Seguros\",\"description\":\"Somos un equipo de profesionales especializados que brinda asesoramiento en seguros y fianzas.\",\"publisher\":{\"@id\":\"https:\/\/www.agconfianzayseguros.com\/site\/#organization\"},\"alternateName\":\"Confianza y Seguros\",\"potentialAction\":[{\"@type\":\"SearchAction\",\"target\":{\"@type\":\"EntryPoint\",\"urlTemplate\":\"https:\/\/www.agconfianzayseguros.com\/site\/?s={search_term_string}\"},\"query-input\":\"required name=search_term_string\"}],\"inLanguage\":\"es\"},{\"@type\":\"Organization\",\"@id\":\"https:\/\/www.agconfianzayseguros.com\/site\/#organization\",\"name\":\"AG Confianza y Seguros\",\"alternateName\":\"Confianza y Seguros\",\"url\":\"https:\/\/www.agconfianzayseguros.com\/site\/\",\"logo\":{\"@type\":\"ImageObject\",\"inLanguage\":\"es\",\"@id\":\"https:\/\/www.agconfianzayseguros.com\/site\/#\/schema\/logo\/image\/\",\"url\":\"https:\/\/www.agconfianzayseguros.com\/site\/wp-content\/uploads\/2022\/09\/logo-agasociados.png\",\"contentUrl\":\"https:\/\/www.agconfianzayseguros.com\/site\/wp-content\/uploads\/2022\/09\/logo-agasociados.png\",\"width\":416,\"height\":150,\"caption\":\"AG Confianza y Seguros\"},\"image\":{\"@id\":\"https:\/\/www.agconfianzayseguros.com\/site\/#\/schema\/logo\/image\/\"},\"sameAs\":[\"https:\/\/www.facebook.com\/AGSEGUROSYFIANZAS\",\"https:\/\/www.linkedin.com\/in\/ana-maria-gutierrez-53ab7476\/\",\"https:\/\/www.instagram.com\/agsegurosyfianzas\/\",\"https:\/\/www.youtube.com\/@asesoresagyasociados\"]}]}<\/script>\n<!-- \/ Yoast SEO plugin. -->","yoast_head_json":{"title":"Nuestros Servicios | AG Confianza y Seguros","robots":{"index":"index","follow":"follow","max-snippet":"max-snippet:-1","max-image-preview":"max-image-preview:large","max-video-preview":"max-video-preview:-1"},"canonical":"https:\/\/www.agconfianzayseguros.com\/site\/servicios\/","og_locale":"es_ES","og_type":"article","og_title":"Nuestros Servicios | AG Confianza y Seguros","og_description":"[vc_row bg_type=\u00bbimage\u00bb parallax_style=\u00bbvcpb-default\u00bb bg_image_new=\u00bbid^1961|url^https:\/\/www.agconfianzayseguros.com\/site\/wp-content\/uploads\/2020\/02\/blog-contador.jpg|caption^null|alt^null|title^blog-contador|description^null\u00bb bg_image_repeat=\u00bbno-repeat\u00bb bg_override=\u00bbex-full\u00bb][vc_column][vc_column_text css=\u00bb.vc_custom_1580581551765{border-right-width: 10px !important;padding-top: 10px !important;padding-bottom: 8px !important;padding-left: 10px !important;background-color: rgba(255,255,255,0.86) !important;*background-color: rgb(255,255,255) !important;}\u00bb]Tr\u00e1mites para autorizar su l\u00ednea de afianzamiento. Seguimiento de Endosos y Ajuste de precios de su fianza. Informaci\u00f3n de sus Estados Actualizados de sus l\u00edneas de manera oportuna. SERVICIOS COMO ASESOR CONTRATACI\u00d3N: 20 A\u00f1os de experiencia en&hellip;","og_url":"https:\/\/www.agconfianzayseguros.com\/site\/servicios\/","og_site_name":"AG Confianza y Seguros","article_publisher":"https:\/\/www.facebook.com\/AGSEGUROSYFIANZAS","article_modified_time":"2020-02-01T18:26:50+00:00","og_image":[{"width":416,"height":150,"url":"https:\/\/www.agconfianzayseguros.com\/site\/wp-content\/uploads\/2022\/09\/logo-agasociados.png","type":"image\/png"}],"twitter_card":"summary_large_image","twitter_misc":{"Est. reading time":"2 minutos"},"schema":{"@context":"https:\/\/schema.org","@graph":[{"@type":"WebPage","@id":"https:\/\/www.agconfianzayseguros.com\/site\/servicios\/","url":"https:\/\/www.agconfianzayseguros.com\/site\/servicios\/","name":"Nuestros Servicios | AG Confianza y Seguros","isPartOf":{"@id":"https:\/\/www.agconfianzayseguros.com\/site\/#website"},"datePublished":"2016-01-29T10:14:18+00:00","dateModified":"2020-02-01T18:26:50+00:00","breadcrumb":{"@id":"https:\/\/www.agconfianzayseguros.com\/site\/servicios\/#breadcrumb"},"inLanguage":"es","potentialAction":[{"@type":"ReadAction","target":["https:\/\/www.agconfianzayseguros.com\/site\/servicios\/"]}]},{"@type":"BreadcrumbList","@id":"https:\/\/www.agconfianzayseguros.com\/site\/servicios\/#breadcrumb","itemListElement":[{"@type":"ListItem","position":1,"name":"Portada","item":"https:\/\/www.agconfianzayseguros.com\/site\/"},{"@type":"ListItem","position":2,"name":"Nuestros Servicios"}]},{"@type":"WebSite","@id":"https:\/\/www.agconfianzayseguros.com\/site\/#website","url":"https:\/\/www.agconfianzayseguros.com\/site\/","name":"AG Confianza y Seguros","description":"Somos un equipo de profesionales especializados que brinda asesoramiento en seguros y fianzas.","publisher":{"@id":"https:\/\/www.agconfianzayseguros.com\/site\/#organization"},"alternateName":"Confianza y Seguros","potentialAction":[{"@type":"SearchAction","target":{"@type":"EntryPoint","urlTemplate":"https:\/\/www.agconfianzayseguros.com\/site\/?s={search_term_string}"},"query-input":"required name=search_term_string"}],"inLanguage":"es"},{"@type":"Organization","@id":"https:\/\/www.agconfianzayseguros.com\/site\/#organization","name":"AG Confianza y Seguros","alternateName":"Confianza y Seguros","url":"https:\/\/www.agconfianzayseguros.com\/site\/","logo":{"@type":"ImageObject","inLanguage":"es","@id":"https:\/\/www.agconfianzayseguros.com\/site\/#\/schema\/logo\/image\/","url":"https:\/\/www.agconfianzayseguros.com\/site\/wp-content\/uploads\/2022\/09\/logo-agasociados.png","contentUrl":"https:\/\/www.agconfianzayseguros.com\/site\/wp-content\/uploads\/2022\/09\/logo-agasociados.png","width":416,"height":150,"caption":"AG Confianza y Seguros"},"image":{"@id":"https:\/\/www.agconfianzayseguros.com\/site\/#\/schema\/logo\/image\/"},"sameAs":["https:\/\/www.facebook.com\/AGSEGUROSYFIANZAS","https:\/\/www.linkedin.com\/in\/ana-maria-gutierrez-53ab7476\/","https:\/\/www.instagram.com\/agsegurosyfianzas\/","https:\/\/www.youtube.com\/@asesoresagyasociados"]}]}},"_links":{"self":[{"href":"https:\/\/www.agconfianzayseguros.com\/site\/wp-json\/wp\/v2\/pages\/11"}],"collection":[{"href":"https:\/\/www.agconfianzayseguros.com\/site\/wp-json\/wp\/v2\/pages"}],"about":[{"href":"https:\/\/www.agconfianzayseguros.com\/site\/wp-json\/wp\/v2\/types\/page"}],"author":[{"embeddable":true,"href":"https:\/\/www.agconfianzayseguros.com\/site\/wp-json\/wp\/v2\/users\/1"}],"replies":[{"embeddable":true,"href":"https:\/\/www.agconfianzayseguros.com\/site\/wp-json\/wp\/v2\/comments?post=11"}],"version-history":[{"count":0,"href":"https:\/\/www.agconfianzayseguros.com\/site\/wp-json\/wp\/v2\/pages\/11\/revisions"}],"wp:attachment":[{"href":"https:\/\/www.agconfianzayseguros.com\/site\/wp-json\/wp\/v2\/media?parent=11"}],"wp:term":[{"taxonomy":"folder","embeddable":true,"href":"https:\/\/www.agconfianzayseguros.com\/site\/wp-json\/wp\/v2\/folder?post=11"}],"curies":[{"name":"wp","href":"https:\/\/api.w.org\/{rel}","templated":true}]}}