{"id":1971,"date":"2020-02-10T18:50:01","date_gmt":"2020-02-10T18:50:01","guid":{"rendered":"https:\/\/www.agconfianzayseguros.com\/site\/?page_id=1971"},"modified":"2020-02-10T23:54:13","modified_gmt":"2020-02-10T23:54:13","slug":"fianzas","status":"publish","type":"page","link":"https:\/\/www.agconfianzayseguros.com\/site\/servicios\/fianzas\/","title":{"rendered":"Servicio de Fianzas"},"content":{"rendered":"<p>[vc_row bg_type=\u00bbimage\u00bb parallax_style=\u00bbvcpb-default\u00bb bg_image_new=\u00bbid^1961|url^https:\/\/www.agconfianzayseguros.com\/site\/wp-content\/uploads\/2020\/02\/blog-contador.jpg|caption^null|alt^null|title^blog-contador|description^null\u00bb bg_override=\u00bbex-full\u00bb][vc_column]<div id=\"ultimate-heading-877869f4e02058969\" class=\"uvc-heading ult-adjust-bottom-margin ultimate-heading-877869f4e02058969 uvc-8136 \" data-hspacer=\"no_spacer\"  data-halign=\"left\" style=\"text-align:left\"><div class=\"uvc-heading-spacer no_spacer\" style=\"top\"><\/div><div class=\"uvc-main-heading ult-responsive\"  data-ultimate-target='.uvc-heading.ultimate-heading-877869f4e02058969 h2'  data-responsive-json-new='{\"font-size\":\"desktop:26px;\",\"line-height\":\"desktop:42px;\"}' ><h2 style=\"font-family:&#039;Open Sans Condensed&#039;;font-weight:700;\">FIANZAS<\/h2><\/div><\/div>[vc_column_text css=\u00bb.vc_custom_1581378834297{padding-top: 10px !important;padding-right: 10px !important;padding-bottom: 8px !important;padding-left: 10px !important;background-color: rgba(255,255,255,0.86) !important;*background-color: rgb(255,255,255) !important;}\u00bb]\u201cEs un contrato por el cual una persona se compromete con el acreedor a pagar el deudor, si \u00e9ste no lo hace\u201d<\/p>\n<p><strong>Art\u00edculo 2794, C\u00d3DIGO CIVIL FEDERAL<\/strong><\/p>\n<h4><strong>Tipos de fianzas:<\/strong><\/h4>\n<ul>\n<li>Garant\u00eda<\/li>\n<li>Cumplimiento<\/li>\n<li>Fidelidad<\/li>\n<li>Anticipo<\/li>\n<li>Etc.<\/li>\n<\/ul>\n<p>[\/vc_column_text][\/vc_column][\/vc_row]<\/p>\n","protected":false},"excerpt":{"rendered":"<p>[vc_row bg_type=\u00bbimage\u00bb parallax_style=\u00bbvcpb-default\u00bb bg_image_new=\u00bbid^1961|url^https:\/\/www.agconfianzayseguros.com\/site\/wp-content\/uploads\/2020\/02\/blog-contador.jpg|caption^null|alt^null|title^blog-contador|description^null\u00bb bg_override=\u00bbex-full\u00bb][vc_column][vc_column_text css=\u00bb.vc_custom_1581378834297{padding-top: 10px !important;padding-right: 10px !important;padding-bottom: 8px !important;padding-left: 10px !important;background-color: rgba(255,255,255,0.86) !important;*background-color: rgb(255,255,255) !important;}\u00bb]\u201cEs un contrato por el cual una persona se compromete con el acreedor a pagar el deudor, si \u00e9ste no lo hace\u201d Art\u00edculo 2794, C\u00d3DIGO CIVIL FEDERAL Tipos de fianzas: Garant\u00eda Cumplimiento Fidelidad Anticipo Etc. [\/vc_column_text][\/vc_column][\/vc_row]<\/p>\n","protected":false},"author":1,"featured_media":0,"parent":11,"menu_order":0,"comment_status":"closed","ping_status":"closed","template":"","meta":{"_monsterinsights_skip_tracking":false,"_monsterinsights_sitenote_active":false,"_monsterinsights_sitenote_note":"","_monsterinsights_sitenote_category":0},"folder":[],"yoast_head":"<!-- This site is optimized with the Yoast SEO plugin v20.6 - https:\/\/yoast.com\/wordpress\/plugins\/seo\/ -->\n<title>Servicio de Fianzas | AG Confianza y Seguros<\/title>\n<meta name=\"robots\" content=\"index, follow, max-snippet:-1, max-image-preview:large, max-video-preview:-1\" \/>\n<link rel=\"canonical\" href=\"https:\/\/www.agconfianzayseguros.com\/site\/servicios\/fianzas\/\" \/>\n<meta property=\"og:locale\" content=\"es_ES\" \/>\n<meta property=\"og:type\" content=\"article\" \/>\n<meta property=\"og:title\" content=\"Servicio de Fianzas | AG Confianza y Seguros\" \/>\n<meta property=\"og:description\" content=\"[vc_row bg_type=\u00bbimage\u00bb parallax_style=\u00bbvcpb-default\u00bb bg_image_new=\u00bbid^1961|url^https:\/\/www.agconfianzayseguros.com\/site\/wp-content\/uploads\/2020\/02\/blog-contador.jpg|caption^null|alt^null|title^blog-contador|description^null\u00bb bg_override=\u00bbex-full\u00bb][vc_column][vc_column_text css=\u00bb.vc_custom_1581378834297{padding-top: 10px !important;padding-right: 10px !important;padding-bottom: 8px !important;padding-left: 10px !important;background-color: rgba(255,255,255,0.86) !important;*background-color: rgb(255,255,255) !important;}\u00bb]\u201cEs un contrato por el cual una persona se compromete con el acreedor a pagar el deudor, si \u00e9ste no lo hace\u201d Art\u00edculo 2794, C\u00d3DIGO CIVIL FEDERAL Tipos de fianzas: Garant\u00eda Cumplimiento Fidelidad Anticipo Etc. [\/vc_column_text][\/vc_column][\/vc_row]\" \/>\n<meta property=\"og:url\" content=\"https:\/\/www.agconfianzayseguros.com\/site\/servicios\/fianzas\/\" \/>\n<meta property=\"og:site_name\" content=\"AG Confianza y Seguros\" \/>\n<meta property=\"article:publisher\" content=\"https:\/\/www.facebook.com\/AGSEGUROSYFIANZAS\" \/>\n<meta property=\"article:modified_time\" content=\"2020-02-10T23:54:13+00:00\" \/>\n<meta property=\"og:image\" content=\"https:\/\/www.agconfianzayseguros.com\/site\/wp-content\/uploads\/2022\/09\/logo-agasociados.png\" \/>\n\t<meta property=\"og:image:width\" content=\"416\" \/>\n\t<meta property=\"og:image:height\" content=\"150\" \/>\n\t<meta property=\"og:image:type\" content=\"image\/png\" \/>\n<meta name=\"twitter:card\" content=\"summary_large_image\" \/>\n<meta name=\"twitter:label1\" content=\"Est. reading time\" \/>\n\t<meta name=\"twitter:data1\" content=\"1 minuto\" \/>\n<script type=\"application\/ld+json\" class=\"yoast-schema-graph\">{\"@context\":\"https:\/\/schema.org\",\"@graph\":[{\"@type\":\"WebPage\",\"@id\":\"https:\/\/www.agconfianzayseguros.com\/site\/servicios\/fianzas\/\",\"url\":\"https:\/\/www.agconfianzayseguros.com\/site\/servicios\/fianzas\/\",\"name\":\"Servicio de Fianzas | AG Confianza y Seguros\",\"isPartOf\":{\"@id\":\"https:\/\/www.agconfianzayseguros.com\/site\/#website\"},\"datePublished\":\"2020-02-10T18:50:01+00:00\",\"dateModified\":\"2020-02-10T23:54:13+00:00\",\"breadcrumb\":{\"@id\":\"https:\/\/www.agconfianzayseguros.com\/site\/servicios\/fianzas\/#breadcrumb\"},\"inLanguage\":\"es\",\"potentialAction\":[{\"@type\":\"ReadAction\",\"target\":[\"https:\/\/www.agconfianzayseguros.com\/site\/servicios\/fianzas\/\"]}]},{\"@type\":\"BreadcrumbList\",\"@id\":\"https:\/\/www.agconfianzayseguros.com\/site\/servicios\/fianzas\/#breadcrumb\",\"itemListElement\":[{\"@type\":\"ListItem\",\"position\":1,\"name\":\"Portada\",\"item\":\"https:\/\/www.agconfianzayseguros.com\/site\/\"},{\"@type\":\"ListItem\",\"position\":2,\"name\":\"Nuestros Servicios\",\"item\":\"https:\/\/www.agconfianzayseguros.com\/site\/servicios\/\"},{\"@type\":\"ListItem\",\"position\":3,\"name\":\"Servicio de Fianzas\"}]},{\"@type\":\"WebSite\",\"@id\":\"https:\/\/www.agconfianzayseguros.com\/site\/#website\",\"url\":\"https:\/\/www.agconfianzayseguros.com\/site\/\",\"name\":\"AG Confianza y Seguros\",\"description\":\"Somos un equipo de profesionales especializados que brinda asesoramiento en seguros y fianzas.\",\"publisher\":{\"@id\":\"https:\/\/www.agconfianzayseguros.com\/site\/#organization\"},\"alternateName\":\"Confianza y Seguros\",\"potentialAction\":[{\"@type\":\"SearchAction\",\"target\":{\"@type\":\"EntryPoint\",\"urlTemplate\":\"https:\/\/www.agconfianzayseguros.com\/site\/?s={search_term_string}\"},\"query-input\":\"required name=search_term_string\"}],\"inLanguage\":\"es\"},{\"@type\":\"Organization\",\"@id\":\"https:\/\/www.agconfianzayseguros.com\/site\/#organization\",\"name\":\"AG Confianza y Seguros\",\"alternateName\":\"Confianza y Seguros\",\"url\":\"https:\/\/www.agconfianzayseguros.com\/site\/\",\"logo\":{\"@type\":\"ImageObject\",\"inLanguage\":\"es\",\"@id\":\"https:\/\/www.agconfianzayseguros.com\/site\/#\/schema\/logo\/image\/\",\"url\":\"https:\/\/www.agconfianzayseguros.com\/site\/wp-content\/uploads\/2022\/09\/logo-agasociados.png\",\"contentUrl\":\"https:\/\/www.agconfianzayseguros.com\/site\/wp-content\/uploads\/2022\/09\/logo-agasociados.png\",\"width\":416,\"height\":150,\"caption\":\"AG Confianza y Seguros\"},\"image\":{\"@id\":\"https:\/\/www.agconfianzayseguros.com\/site\/#\/schema\/logo\/image\/\"},\"sameAs\":[\"https:\/\/www.facebook.com\/AGSEGUROSYFIANZAS\",\"https:\/\/www.linkedin.com\/in\/ana-maria-gutierrez-53ab7476\/\",\"https:\/\/www.instagram.com\/agsegurosyfianzas\/\",\"https:\/\/www.youtube.com\/@asesoresagyasociados\"]}]}<\/script>\n<!-- \/ Yoast SEO plugin. -->","yoast_head_json":{"title":"Servicio de Fianzas | AG Confianza y Seguros","robots":{"index":"index","follow":"follow","max-snippet":"max-snippet:-1","max-image-preview":"max-image-preview:large","max-video-preview":"max-video-preview:-1"},"canonical":"https:\/\/www.agconfianzayseguros.com\/site\/servicios\/fianzas\/","og_locale":"es_ES","og_type":"article","og_title":"Servicio de Fianzas | AG Confianza y Seguros","og_description":"[vc_row bg_type=\u00bbimage\u00bb parallax_style=\u00bbvcpb-default\u00bb bg_image_new=\u00bbid^1961|url^https:\/\/www.agconfianzayseguros.com\/site\/wp-content\/uploads\/2020\/02\/blog-contador.jpg|caption^null|alt^null|title^blog-contador|description^null\u00bb bg_override=\u00bbex-full\u00bb][vc_column][vc_column_text css=\u00bb.vc_custom_1581378834297{padding-top: 10px !important;padding-right: 10px !important;padding-bottom: 8px !important;padding-left: 10px !important;background-color: rgba(255,255,255,0.86) !important;*background-color: rgb(255,255,255) !important;}\u00bb]\u201cEs un contrato por el cual una persona se compromete con el acreedor a pagar el deudor, si \u00e9ste no lo hace\u201d Art\u00edculo 2794, C\u00d3DIGO CIVIL FEDERAL Tipos de fianzas: Garant\u00eda Cumplimiento Fidelidad Anticipo Etc. [\/vc_column_text][\/vc_column][\/vc_row]","og_url":"https:\/\/www.agconfianzayseguros.com\/site\/servicios\/fianzas\/","og_site_name":"AG Confianza y Seguros","article_publisher":"https:\/\/www.facebook.com\/AGSEGUROSYFIANZAS","article_modified_time":"2020-02-10T23:54:13+00:00","og_image":[{"width":416,"height":150,"url":"https:\/\/www.agconfianzayseguros.com\/site\/wp-content\/uploads\/2022\/09\/logo-agasociados.png","type":"image\/png"}],"twitter_card":"summary_large_image","twitter_misc":{"Est. reading time":"1 minuto"},"schema":{"@context":"https:\/\/schema.org","@graph":[{"@type":"WebPage","@id":"https:\/\/www.agconfianzayseguros.com\/site\/servicios\/fianzas\/","url":"https:\/\/www.agconfianzayseguros.com\/site\/servicios\/fianzas\/","name":"Servicio de Fianzas | AG Confianza y Seguros","isPartOf":{"@id":"https:\/\/www.agconfianzayseguros.com\/site\/#website"},"datePublished":"2020-02-10T18:50:01+00:00","dateModified":"2020-02-10T23:54:13+00:00","breadcrumb":{"@id":"https:\/\/www.agconfianzayseguros.com\/site\/servicios\/fianzas\/#breadcrumb"},"inLanguage":"es","potentialAction":[{"@type":"ReadAction","target":["https:\/\/www.agconfianzayseguros.com\/site\/servicios\/fianzas\/"]}]},{"@type":"BreadcrumbList","@id":"https:\/\/www.agconfianzayseguros.com\/site\/servicios\/fianzas\/#breadcrumb","itemListElement":[{"@type":"ListItem","position":1,"name":"Portada","item":"https:\/\/www.agconfianzayseguros.com\/site\/"},{"@type":"ListItem","position":2,"name":"Nuestros Servicios","item":"https:\/\/www.agconfianzayseguros.com\/site\/servicios\/"},{"@type":"ListItem","position":3,"name":"Servicio de Fianzas"}]},{"@type":"WebSite","@id":"https:\/\/www.agconfianzayseguros.com\/site\/#website","url":"https:\/\/www.agconfianzayseguros.com\/site\/","name":"AG Confianza y Seguros","description":"Somos un equipo de profesionales especializados que brinda asesoramiento en seguros y fianzas.","publisher":{"@id":"https:\/\/www.agconfianzayseguros.com\/site\/#organization"},"alternateName":"Confianza y Seguros","potentialAction":[{"@type":"SearchAction","target":{"@type":"EntryPoint","urlTemplate":"https:\/\/www.agconfianzayseguros.com\/site\/?s={search_term_string}"},"query-input":"required name=search_term_string"}],"inLanguage":"es"},{"@type":"Organization","@id":"https:\/\/www.agconfianzayseguros.com\/site\/#organization","name":"AG Confianza y Seguros","alternateName":"Confianza y Seguros","url":"https:\/\/www.agconfianzayseguros.com\/site\/","logo":{"@type":"ImageObject","inLanguage":"es","@id":"https:\/\/www.agconfianzayseguros.com\/site\/#\/schema\/logo\/image\/","url":"https:\/\/www.agconfianzayseguros.com\/site\/wp-content\/uploads\/2022\/09\/logo-agasociados.png","contentUrl":"https:\/\/www.agconfianzayseguros.com\/site\/wp-content\/uploads\/2022\/09\/logo-agasociados.png","width":416,"height":150,"caption":"AG Confianza y Seguros"},"image":{"@id":"https:\/\/www.agconfianzayseguros.com\/site\/#\/schema\/logo\/image\/"},"sameAs":["https:\/\/www.facebook.com\/AGSEGUROSYFIANZAS","https:\/\/www.linkedin.com\/in\/ana-maria-gutierrez-53ab7476\/","https:\/\/www.instagram.com\/agsegurosyfianzas\/","https:\/\/www.youtube.com\/@asesoresagyasociados"]}]}},"_links":{"self":[{"href":"https:\/\/www.agconfianzayseguros.com\/site\/wp-json\/wp\/v2\/pages\/1971"}],"collection":[{"href":"https:\/\/www.agconfianzayseguros.com\/site\/wp-json\/wp\/v2\/pages"}],"about":[{"href":"https:\/\/www.agconfianzayseguros.com\/site\/wp-json\/wp\/v2\/types\/page"}],"author":[{"embeddable":true,"href":"https:\/\/www.agconfianzayseguros.com\/site\/wp-json\/wp\/v2\/users\/1"}],"replies":[{"embeddable":true,"href":"https:\/\/www.agconfianzayseguros.com\/site\/wp-json\/wp\/v2\/comments?post=1971"}],"version-history":[{"count":0,"href":"https:\/\/www.agconfianzayseguros.com\/site\/wp-json\/wp\/v2\/pages\/1971\/revisions"}],"up":[{"embeddable":true,"href":"https:\/\/www.agconfianzayseguros.com\/site\/wp-json\/wp\/v2\/pages\/11"}],"wp:attachment":[{"href":"https:\/\/www.agconfianzayseguros.com\/site\/wp-json\/wp\/v2\/media?parent=1971"}],"wp:term":[{"taxonomy":"folder","embeddable":true,"href":"https:\/\/www.agconfianzayseguros.com\/site\/wp-json\/wp\/v2\/folder?post=1971"}],"curies":[{"name":"wp","href":"https:\/\/api.w.org\/{rel}","templated":true}]}}